{"id":271,"date":"2023-11-09T11:34:00","date_gmt":"2023-11-09T11:34:00","guid":{"rendered":"https:\/\/hodge.maths.ed.ac.uk\/?page_id=271"},"modified":"2023-11-09T11:34:06","modified_gmt":"2023-11-09T11:34:06","slug":"moment-maps-working-seminar","status":"publish","type":"page","link":"https:\/\/hodge.maths.ed.ac.uk\/?page_id=271","title":{"rendered":"Moment Maps Working\u00a0Seminar"},"content":{"rendered":"\n<h3 class=\"wp-block-heading\" id=\"Spring_2019\">Spring 2019<a href=\"https:\/\/hodge.maths.ed.ac.uk\/tiki\/MomentMaps#Spring_2019\"><\/a><\/h3>\n\n\n\n<p><br>Organised by Ana Rita Pires and Johan Martens.<\/p>\n\n\n\n<p>The aim of the working seminar is to discuss various results related to moment maps in symplectic geometry. All are welcome to attend &#8211; we assume a familiarity with the basics of differential geometry (manifolds and smooth actions of Lie groups), but nothing more.<\/p>\n\n\n\n<p>The seminar meets weekly on Wednesday from 10am till 11am. Talks are given by various participants. If you wish to be kept informed please contact Johan Martens to be added to the mailing list.<\/p>\n\n\n\n<h3 class=\"wp-block-heading\" id=\"Tentative_Seminar_Schedule_this_is_subject_to_change_:\">Tentative Seminar Schedule (this is subject to&nbsp;change):<a href=\"https:\/\/hodge.maths.ed.ac.uk\/tiki\/MomentMaps#Tentative_Seminar_Schedule_this_is_subject_to_change_:\"><\/a><\/h3>\n\n\n\n<figure class=\"wp-block-table\"><table><tbody><tr><td>Date<\/td><td>Topic<\/td><td>Speaker<\/td><td><\/td><td>Location<\/td><\/tr><tr><td>January 23<\/td><td>Organization and Introduction to Moment Maps<\/td><td>Johan Martens<\/td><td><a target=\"_blank\" href=\"https:\/\/www.maths.ed.ac.uk\/~jmartens\/Talk1-Johan.pdf\" rel=\"noreferrer noopener\">Notes<\/a><\/td><td>Appleton Tower 2.14<\/td><\/tr><tr><td>January 30<\/td><td>Equivariant Cohomology<\/td><td>Jos\u00e9 Figueroa-O&#8217;Farrill<\/td><td><a target=\"_blank\" href=\"https:\/\/www.maths.ed.ac.uk\/~jmartens\/Talk2-Jose.pdf\" rel=\"noreferrer noopener\">Notes<\/a><\/td><td>Bayes 5.02<\/td><\/tr><tr><td>February 6<\/td><td>Localization, Duistermaat-Heckman-Berline-Vergne Theorem<\/td><td>Johan Martens<\/td><td><a target=\"_blank\" href=\"https:\/\/www.maths.ed.ac.uk\/~jmartens\/Talk3-Johan.pdf\" rel=\"noreferrer noopener\">Notes<\/a><\/td><td>Bayes 5.45<\/td><\/tr><tr><td>February 13<\/td><td>Convexity of moment maps<\/td><td>Ana Rita Pires<\/td><td><a target=\"_blank\" href=\"https:\/\/www.maths.ed.ac.uk\/~jmartens\/Talk4-Ana.pdf\" rel=\"noreferrer noopener\">Notes<\/a><\/td><td>Bayes 5.02<\/td><\/tr><tr><td>February 27<\/td><td>Symplectic Reducution and GIT<\/td><td>Carlos Zapata-Carratal\u00e1<\/td><td><a target=\"_blank\" href=\"https:\/\/www.maths.ed.ac.uk\/~jmartens\/Talk5-Carlos.pdf\" rel=\"noreferrer noopener\">Notes<\/a><\/td><td>Bayes 5.45<\/td><\/tr><tr><td>March 6<\/td><td>Toric symplectic manifolds and the Delzant Construction<\/td><td>Ben Brown<\/td><td><a target=\"_blank\" href=\"https:\/\/www.maths.ed.ac.uk\/~jmartens\/Talk6-Ben.pdf\" rel=\"noreferrer noopener\">Notes<\/a><\/td><td>Bayes 5.02<\/td><\/tr><tr><td>March 13<\/td><td>Group-valued Moment Maps &amp; Quasi-Hamiltonian Reduction<\/td><td>Alexander Shapiro<\/td><td><a target=\"_blank\" href=\"https:\/\/www.maths.ed.ac.uk\/~jmartens\/Talk7-Sasha.pdf\" rel=\"noreferrer noopener\">Notes<\/a><\/td><td>Bayes 5.45<\/td><\/tr><tr><td>March 20<\/td><td>Symplectic Blowing Up &amp; Down, Cutting and Gluing, Implosion<\/td><td>Johan Martens<\/td><td><\/td><td>Bayes 5.02<\/td><\/tr><tr><td>March 27<\/td><td>Quantum Hamiltonian Reduction<\/td><td>Sue Sierra<\/td><td><a target=\"_blank\" href=\"https:\/\/www.maths.ed.ac.uk\/~jmartens\/Talk9-Sue.pdf\" rel=\"noreferrer noopener\">Notes<\/a><\/td><td>Bayes 5.02<\/td><\/tr><tr><td>April 3<\/td><td>A Homological Approach to Hamiltonian Reduction<\/td><td>Jos\u00e9 Figueroa-O&#8217;Farrill<\/td><td><a target=\"_blank\" href=\"https:\/\/www.maths.ed.ac.uk\/~jmartens\/Talk10-Jose.pdf\" rel=\"noreferrer noopener\">Notes<\/a><\/td><td>Bayes 5.02<\/td><\/tr><\/tbody><\/table><\/figure>\n\n\n\n<h3 class=\"wp-block-heading\" id=\"Suggested_References:\">Suggested References:<a href=\"https:\/\/hodge.maths.ed.ac.uk\/tiki\/MomentMaps#Suggested_References:\"><\/a><\/h3>\n\n\n\n<figure class=\"wp-block-table\"><table><tbody><tr><td>Generalities about moment maps<\/td><td colspan=\"4\">Ana Canas da Silva,&nbsp;<a target=\"_blank\" href=\"https:\/\/people.math.ethz.ch\/~acannas\/Papers\/lsg.pdf\" rel=\"noreferrer noopener\">Lectures on Symplectic Geometry.<\/a><\/td><\/tr><tr><td>Equivariant Cohomogy<\/td><td colspan=\"4\">Atiyah, M. F. and Bott, R.&nbsp;<a target=\"_blank\" href=\"https:\/\/doi.org\/10.1016\/0040-9383(84)90021-1\" rel=\"noreferrer noopener\">The moment map and equivariant cohomology.<\/a>&nbsp;Topology 23 (1984), no. 1, 1\u201328.<\/td><\/tr><tr><td><\/td><td colspan=\"4\">Meinrenken, E.&nbsp;<a target=\"_blank\" href=\"http:\/\/www.math.toronto.edu\/mein\/research\/enc.pdf\" rel=\"noreferrer noopener\">Equivariant Cohomology and the Cartan Model<\/a>, in Encyclopedia of Mathematical Physics<\/td><\/tr><tr><td><\/td><td colspan=\"4\">Guillemin, Victor W. and Sternberg, Shlomo.&nbsp;<a target=\"_blank\" href=\"https:\/\/mathscinet.ams.org\/mathscinet\/search\/publdoc.html?arg3=&amp;co4=AND&amp;co5=AND&amp;co6=AND&amp;co7=AND&amp;dr=all&amp;pg4=AUCN&amp;pg5=AUCN&amp;pg6=PC&amp;pg7=ALLF&amp;pg8=ET&amp;review_format=html&amp;s4=&amp;s5=&amp;s6=&amp;s7=Supersymmetry%20and%20equivariant%20de%20Rham%20theory&amp;s8=All&amp;sort=Newest&amp;vfpref=html&amp;yearRangeFirst=&amp;yearRangeSecond=&amp;yrop=eq&amp;r=3&amp;mx-pid=1689252\" rel=\"noreferrer noopener\">Supersymmetry and equivariant de Rham theory<\/a>. With an appendix containing two reprints by Henri Cartan. Mathematics Past and Present. Springer-Verlag, Berlin, 1999.<\/td><\/tr><tr><td>Localization<\/td><td colspan=\"4\">Duistermaat, J. J. and Heckman, G. J.&nbsp;<a target=\"_blank\" href=\"https:\/\/link.springer.com\/article\/10.1007%2FBF01399506\" rel=\"noreferrer noopener\">On the variation in the cohomology of the symplectic form of the reduced phase space.<\/a><\/td><\/tr><tr><td><\/td><td colspan=\"4\">Berline, Nicole and Vergne, Mich\u00e8le.&nbsp;<a target=\"_blank\" href=\"https:\/\/mathscinet.ams.org\/mathscinet\/search\/publdoc.html?arg3=&amp;co4=AND&amp;co5=AND&amp;co6=AND&amp;co7=AND&amp;dr=all&amp;pg4=AUCN&amp;pg5=AUCN&amp;pg6=PC&amp;pg7=ALLF&amp;pg8=ET&amp;r=1&amp;review_format=html&amp;s4=&amp;s5=&amp;s6=&amp;s7=Classes%20caract%C3%A9ristiques%20%C3%A9quivariantes.%20Formule%20de%20localisation%20en%20cohomologie%20%C3%A9quivariante.%20&amp;s8=All&amp;sort=Newest&amp;vfpref=html&amp;yearRangeFirst=&amp;yearRangeSecond=&amp;yrop=eq\" rel=\"noreferrer noopener\">Classes caract\u00e9ristiques \u00e9quivariantes. Formule de localisation en cohomologie \u00e9quivariante.<\/a>&nbsp;C. R. Acad. Sci. Paris S\u00e9r. I Math. 295 (1982), no. 9, 539\u2013541.<\/td><\/tr><tr><td>Convexity<\/td><td colspan=\"4\">Atiyah, M. F.&nbsp;<a target=\"_blank\" href=\"https:\/\/doi.org\/10.1112\/blms\/14.1.1\" rel=\"noreferrer noopener\">Convexity and commuting Hamiltonians.<\/a>&nbsp;Bull. London Math. Soc. 14 (1982), no. 1, 1\u201315.<\/td><\/tr><tr><td><\/td><td colspan=\"4\">Guillemin, V. and Sternberg, S.&nbsp;<a target=\"_blank\" href=\"https:\/\/link.springer.com\/article\/10.1007\/BF01398933\" rel=\"noreferrer noopener\">Convexity properties of the moment mapping.&nbsp;<\/a>Invent. Math. 67 (1982), no. 3, 491\u2013513.<\/td><\/tr><tr><td><\/td><td colspan=\"4\">Kirwan, Frances.&nbsp;<a target=\"_blank\" href=\"https:\/\/link.springer.com\/article\/10.1007\/BF01388838\" rel=\"noreferrer noopener\">Convexity properties of the moment mapping. III.<\/a>&nbsp;Invent. Math. 77 (1984), no. 3, 547\u2013552.<\/td><\/tr><tr><td><\/td><td colspan=\"4\">Guillemin, Victor and Sjamaar, Reyer.&nbsp;<a target=\"_blank\" href=\"http:\/\/pi.math.cornell.edu\/~sjamaar\/papers\/polytope.ps\" rel=\"noreferrer noopener\">Convexity properties of Hamiltonian group actions.&nbsp;<\/a>CRM Monograph Series, 26. American Mathematical Society, Providence, RI, 2005. iv+82 pp. ISBN: 0-8218-3918-7<\/td><\/tr><tr><td>Symplectic Reduction and Geometric Invariant Theory<\/td><td colspan=\"4\">Kirwan, Frances Clare.&nbsp;<a target=\"_blank\" href=\"https:\/\/press.princeton.edu\/titles\/954.html\" rel=\"noreferrer noopener\">Cohomology of quotients in symplectic and algebraic geometry.<\/a><\/td><\/tr><tr><td><\/td><td colspan=\"4\">Thomas, R. P.&nbsp;<a target=\"_blank\" href=\"http:\/\/www.intlpress.com\/site\/pub\/files\/_fulltext\/journals\/sdg\/2005\/0010\/0001\/SDG-2005-0010-0001-a007.pdf\" rel=\"noreferrer noopener\">Notes on GIT and symplectic reduction for bundles and varieties.<\/a>&nbsp;Surveys in differential geometry. Vol. X, 221\u2013273, Surv. Differ. Geom., 10, Int. Press, Somerville, MA, 2006.<\/td><\/tr><tr><td>Toric Symplectic Manifolds<\/td><td colspan=\"4\">Cannas da Silva, Ana.&nbsp;<a target=\"_blank\" href=\"https:\/\/people.math.ethz.ch\/~acannas\/Papers\/toric.pdf\" rel=\"noreferrer noopener\">Symplectic toric manifolds.<\/a><\/td><\/tr><tr><td><\/td><td colspan=\"4\">Audin, Michele.&nbsp;<a target=\"_blank\" href=\"https:\/\/link.springer.com\/book\/10.1007%2F978-3-0348-7960-6\" rel=\"noreferrer noopener\">Torus Actions on Symplectic Manifolds.<\/a><\/td><\/tr><tr><td>Symplectic Blowing Up and Down<\/td><td colspan=\"4\">McDuff, Dusa and Salamon, Dietmar.&nbsp;<a target=\"_blank\" href=\"https:\/\/mathscinet.ams.org\/mathscinet\/search\/publdoc.html?arg3=&amp;co4=AND&amp;co5=AND&amp;co6=AND&amp;co7=AND&amp;dr=all&amp;pg4=AUCN&amp;pg5=AUCN&amp;pg6=PC&amp;pg7=ALLF&amp;pg8=ET&amp;review_format=html&amp;s4=&amp;s5=&amp;s6=&amp;s7=Introduction%20to%20symplectic%20topology.%20&amp;s8=All&amp;sort=Newest&amp;vfpref=html&amp;yearRangeFirst=&amp;yearRangeSecond=&amp;yrop=eq&amp;r=6&amp;mx-pid=3674984\" rel=\"noreferrer noopener\">Introduction to symplectic topology.<\/a><\/td><\/tr><tr><td>Group-Valued Moment Maps<\/td><td colspan=\"4\">Alekseev, A., Malkin, Anton and Meinrenken, Eckhard.&nbsp;<a target=\"_blank\" href=\"https:\/\/projecteuclid.org\/euclid.jdg\/1214460860\" rel=\"noreferrer noopener\">Lie group valued moment maps.<\/a><\/td><\/tr><tr><td><\/td><td colspan=\"4\">Jiang-Hua Lu and Alan Weinstein.&nbsp;<a target=\"_blank\" href=\"https:\/\/projecteuclid.org\/euclid.jdg\/1214444324\" rel=\"noreferrer noopener\">Poisson Lie groups, dressing transformations, and Bruhat decompositions.<\/a><\/td><\/tr><\/tbody><\/table><\/figure>\n","protected":false},"excerpt":{"rendered":"<p>Spring 2019 Organised by Ana Rita Pires and Johan Martens. The aim of the working seminar is to discuss various results related to moment maps in symplectic geometry. All are welcome to attend &#8211; we assume a familiarity with the basics of differential geometry (manifolds and smooth actions of Lie groups), but nothing more. The [&hellip;]<\/p>\n","protected":false},"author":1,"featured_media":76,"parent":0,"menu_order":0,"comment_status":"closed","ping_status":"closed","template":"","meta":{"footnotes":""},"class_list":["post-271","page","type-page","status-publish","has-post-thumbnail","hentry"],"_links":{"self":[{"href":"https:\/\/hodge.maths.ed.ac.uk\/index.php?rest_route=\/wp\/v2\/pages\/271","targetHints":{"allow":["GET"]}}],"collection":[{"href":"https:\/\/hodge.maths.ed.ac.uk\/index.php?rest_route=\/wp\/v2\/pages"}],"about":[{"href":"https:\/\/hodge.maths.ed.ac.uk\/index.php?rest_route=\/wp\/v2\/types\/page"}],"author":[{"embeddable":true,"href":"https:\/\/hodge.maths.ed.ac.uk\/index.php?rest_route=\/wp\/v2\/users\/1"}],"replies":[{"embeddable":true,"href":"https:\/\/hodge.maths.ed.ac.uk\/index.php?rest_route=%2Fwp%2Fv2%2Fcomments&post=271"}],"version-history":[{"count":2,"href":"https:\/\/hodge.maths.ed.ac.uk\/index.php?rest_route=\/wp\/v2\/pages\/271\/revisions"}],"predecessor-version":[{"id":273,"href":"https:\/\/hodge.maths.ed.ac.uk\/index.php?rest_route=\/wp\/v2\/pages\/271\/revisions\/273"}],"wp:featuredmedia":[{"embeddable":true,"href":"https:\/\/hodge.maths.ed.ac.uk\/index.php?rest_route=\/wp\/v2\/media\/76"}],"wp:attachment":[{"href":"https:\/\/hodge.maths.ed.ac.uk\/index.php?rest_route=%2Fwp%2Fv2%2Fmedia&parent=271"}],"curies":[{"name":"wp","href":"https:\/\/api.w.org\/{rel}","templated":true}]}}